{"id":506,"date":"2020-04-08T11:28:01","date_gmt":"2020-04-08T11:28:01","guid":{"rendered":"http:\/\/www.bauskain.com\/?page_id=506"},"modified":"2022-03-01T08:21:04","modified_gmt":"2022-03-01T08:21:04","slug":"bodas","status":"publish","type":"page","link":"http:\/\/www.bauskain.com\/index.php\/bodas","title":{"rendered":"Bodas"},"content":{"rendered":"\t\t<div data-elementor-type=\"wp-page\" data-elementor-id=\"506\" class=\"elementor elementor-506\">\n\t\t\t\t\t\t<section class=\"elementor-section elementor-top-section elementor-element elementor-element-1947e9e elementor-section-boxed elementor-section-height-default elementor-section-height-default\" data-id=\"1947e9e\" data-element_type=\"section\" data-e-type=\"section\">\n\t\t\t\t\t\t<div class=\"elementor-container elementor-column-gap-wide\">\n\t\t\t\t\t<div class=\"elementor-column elementor-col-50 elementor-top-column elementor-element elementor-element-553b397\" data-id=\"553b397\" data-element_type=\"column\" data-e-type=\"column\">\n\t\t\t<div class=\"elementor-widget-wrap elementor-element-populated\">\n\t\t\t\t\t\t<div class=\"elementor-element elementor-element-4edd74a elementor-widget elementor-widget-image\" data-id=\"4edd74a\" data-element_type=\"widget\" data-e-type=\"widget\" data-widget_type=\"image.default\">\n\t\t\t\t<div class=\"elementor-widget-container\">\n\t\t\t\t\t\t\t\t\t\t\t\t\t\t\t<img fetchpriority=\"high\" decoding=\"async\" width=\"1024\" height=\"1024\" src=\"http:\/\/www.bauskain.com\/wordpress\/wp-content\/uploads\/2022\/02\/5f6cf3ce-7164-4dbe-ad28-c19732279dc1.jpg\" class=\"attachment-large size-large wp-image-717\" alt=\"\" srcset=\"http:\/\/www.bauskain.com\/wordpress\/wp-content\/uploads\/2022\/02\/5f6cf3ce-7164-4dbe-ad28-c19732279dc1.jpg 1024w, http:\/\/www.bauskain.com\/wordpress\/wp-content\/uploads\/2022\/02\/5f6cf3ce-7164-4dbe-ad28-c19732279dc1-300x300.jpg 300w, http:\/\/www.bauskain.com\/wordpress\/wp-content\/uploads\/2022\/02\/5f6cf3ce-7164-4dbe-ad28-c19732279dc1-150x150.jpg 150w, http:\/\/www.bauskain.com\/wordpress\/wp-content\/uploads\/2022\/02\/5f6cf3ce-7164-4dbe-ad28-c19732279dc1-768x768.jpg 768w, http:\/\/www.bauskain.com\/wordpress\/wp-content\/uploads\/2022\/02\/5f6cf3ce-7164-4dbe-ad28-c19732279dc1-550x550.jpg 550w, http:\/\/www.bauskain.com\/wordpress\/wp-content\/uploads\/2022\/02\/5f6cf3ce-7164-4dbe-ad28-c19732279dc1-500x500.jpg 500w, http:\/\/www.bauskain.com\/wordpress\/wp-content\/uploads\/2022\/02\/5f6cf3ce-7164-4dbe-ad28-c19732279dc1-1000x1000.jpg 1000w, http:\/\/www.bauskain.com\/wordpress\/wp-content\/uploads\/2022\/02\/5f6cf3ce-7164-4dbe-ad28-c19732279dc1-700x700.jpg 700w\" sizes=\"(max-width: 1024px) 100vw, 1024px\" \/>\t\t\t\t\t\t\t\t\t\t\t\t\t\t\t<\/div>\n\t\t\t\t<\/div>\n\t\t\t\t\t<\/div>\n\t\t<\/div>\n\t\t\t\t<div class=\"elementor-column elementor-col-50 elementor-top-column elementor-element elementor-element-987c093\" data-id=\"987c093\" data-element_type=\"column\" data-e-type=\"column\">\n\t\t\t<div class=\"elementor-widget-wrap elementor-element-populated\">\n\t\t\t\t\t\t<div class=\"elementor-element elementor-element-4568313 elementor-widget elementor-widget-text-editor\" data-id=\"4568313\" data-element_type=\"widget\" data-e-type=\"widget\" data-widget_type=\"text-editor.default\">\n\t\t\t\t<div class=\"elementor-widget-container\">\n\t\t\t\t\t\t\t\t\t<h2 style=\"text-align: center;\">Bodas<\/h2>\t\t\t\t\t\t\t\t<\/div>\n\t\t\t\t<\/div>\n\t\t\t\t<div class=\"elementor-element elementor-element-87562e1 elementor-widget-divider--view-line elementor-widget elementor-widget-divider\" data-id=\"87562e1\" data-element_type=\"widget\" data-e-type=\"widget\" data-widget_type=\"divider.default\">\n\t\t\t\t<div class=\"elementor-widget-container\">\n\t\t\t\t\t\t\t<div class=\"elementor-divider\">\n\t\t\t<span class=\"elementor-divider-separator\">\n\t\t\t\t\t\t<\/span>\n\t\t<\/div>\n\t\t\t\t\t\t<\/div>\n\t\t\t\t<\/div>\n\t\t\t\t<div class=\"elementor-element elementor-element-f4d4471 elementor-widget elementor-widget-text-editor\" data-id=\"f4d4471\" data-element_type=\"widget\" data-e-type=\"widget\" data-widget_type=\"text-editor.default\">\n\t\t\t\t<div class=\"elementor-widget-container\">\n\t\t\t\t\t\t\t\t\t<p style=\"text-align: center;\">Llevamos m\u00e1s de 20 a\u00f1os siendo testigos de los &#8216;s\u00ed quiero&#8217; m\u00e1s rom\u00e1nticos, de los besos m\u00e1s apasionados que sellan pactos eternos, de las sonrisas de los invitados, de las l\u00e1grimas de los novios con la naturaleza como testigo en un entorno de ensue\u00f1o<\/p>\t\t\t\t\t\t\t\t<\/div>\n\t\t\t\t<\/div>\n\t\t\t\t\t<\/div>\n\t\t<\/div>\n\t\t\t\t\t<\/div>\n\t\t<\/section>\n\t\t\t\t<section class=\"elementor-section elementor-top-section elementor-element elementor-element-5e21cb2 elementor-section-boxed elementor-section-height-default elementor-section-height-default\" data-id=\"5e21cb2\" data-element_type=\"section\" data-e-type=\"section\">\n\t\t\t\t\t\t<div class=\"elementor-container elementor-column-gap-default\">\n\t\t\t\t\t<div class=\"elementor-column elementor-col-100 elementor-top-column elementor-element elementor-element-f295064\" data-id=\"f295064\" data-element_type=\"column\" data-e-type=\"column\">\n\t\t\t<div class=\"elementor-widget-wrap elementor-element-populated\">\n\t\t\t\t\t\t<div class=\"elementor-element elementor-element-9c1f321 elementor-widget elementor-widget-text-editor\" data-id=\"9c1f321\" data-element_type=\"widget\" data-e-type=\"widget\" data-widget_type=\"text-editor.default\">\n\t\t\t\t<div class=\"elementor-widget-container\">\n\t\t\t\t\t\t\t\t\t<p style=\"text-align: center;\"><span style=\"font-weight: 400;\">Bodas a medida, con men\u00fas y decoraci\u00f3n personalizadas que nacen del <\/span><i><span style=\"font-weight: 400;\">moodboard<\/span><\/i><span style=\"font-weight: 400;\"> de tu boda, el tablero de inspiraci\u00f3n con el que trabajar\u00e1s conjuntamente con el equipo creativo, el de decoraci\u00f3n, el de cocina y el de sala. Recetas del siglo XXI, especialidades locales, atenci\u00f3n exclusiva para alergias, intolerancias y distintas dietas, cocina en directo &#8211; show cooking y<\/span><span style=\"font-weight: 400;\">\u00a0un plus de sostenibilidad: recetas con nombre y apellidos, los de los peque\u00f1os productores ecol\u00f3gicos y de kil\u00f3metro cero.<\/span><\/p><p style=\"text-align: center;\">bauskain@deluz.es | 680 76 27 66<\/p>\t\t\t\t\t\t\t\t<\/div>\n\t\t\t\t<\/div>\n\t\t\t\t\t<\/div>\n\t\t<\/div>\n\t\t\t\t\t<\/div>\n\t\t<\/section>\n\t\t\t\t<section class=\"elementor-section elementor-top-section elementor-element elementor-element-0eb605e elementor-section-boxed elementor-section-height-default elementor-section-height-default\" data-id=\"0eb605e\" data-element_type=\"section\" data-e-type=\"section\">\n\t\t\t\t\t\t<div class=\"elementor-container elementor-column-gap-wide\">\n\t\t\t\t\t<div class=\"elementor-column elementor-col-50 elementor-top-column elementor-element elementor-element-24e84ec\" data-id=\"24e84ec\" data-element_type=\"column\" data-e-type=\"column\">\n\t\t\t<div class=\"elementor-widget-wrap elementor-element-populated\">\n\t\t\t\t\t\t<div class=\"elementor-element elementor-element-705fe63 elementor-widget elementor-widget-text-editor\" data-id=\"705fe63\" data-element_type=\"widget\" data-e-type=\"widget\" data-widget_type=\"text-editor.default\">\n\t\t\t\t<div class=\"elementor-widget-container\">\n\t\t\t\t\t\t\t\t\t<h3 style=\"text-align: center;\">La Vaquer\u00eda<\/h3>\t\t\t\t\t\t\t\t<\/div>\n\t\t\t\t<\/div>\n\t\t\t\t<div class=\"elementor-element elementor-element-62d078e elementor-widget-divider--view-line elementor-widget elementor-widget-divider\" data-id=\"62d078e\" data-element_type=\"widget\" data-e-type=\"widget\" data-widget_type=\"divider.default\">\n\t\t\t\t<div class=\"elementor-widget-container\">\n\t\t\t\t\t\t\t<div class=\"elementor-divider\">\n\t\t\t<span class=\"elementor-divider-separator\">\n\t\t\t\t\t\t<\/span>\n\t\t<\/div>\n\t\t\t\t\t\t<\/div>\n\t\t\t\t<\/div>\n\t\t\t\t<div class=\"elementor-element elementor-element-4885954 elementor-widget elementor-widget-image\" data-id=\"4885954\" data-element_type=\"widget\" data-e-type=\"widget\" data-widget_type=\"image.default\">\n\t\t\t\t<div class=\"elementor-widget-container\">\n\t\t\t\t\t\t\t\t\t\t\t\t\t\t\t<img decoding=\"async\" width=\"824\" height=\"1024\" src=\"http:\/\/www.bauskain.com\/wordpress\/wp-content\/uploads\/2022\/02\/43A8B6B5-BDC8-4856-BAD1-D22A7DEBDB34-824x1024.jpg\" class=\"attachment-large size-large wp-image-720\" alt=\"\" srcset=\"http:\/\/www.bauskain.com\/wordpress\/wp-content\/uploads\/2022\/02\/43A8B6B5-BDC8-4856-BAD1-D22A7DEBDB34-824x1024.jpg 824w, http:\/\/www.bauskain.com\/wordpress\/wp-content\/uploads\/2022\/02\/43A8B6B5-BDC8-4856-BAD1-D22A7DEBDB34-242x300.jpg 242w, http:\/\/www.bauskain.com\/wordpress\/wp-content\/uploads\/2022\/02\/43A8B6B5-BDC8-4856-BAD1-D22A7DEBDB34-768x954.jpg 768w, http:\/\/www.bauskain.com\/wordpress\/wp-content\/uploads\/2022\/02\/43A8B6B5-BDC8-4856-BAD1-D22A7DEBDB34-700x870.jpg 700w, http:\/\/www.bauskain.com\/wordpress\/wp-content\/uploads\/2022\/02\/43A8B6B5-BDC8-4856-BAD1-D22A7DEBDB34.jpg 1024w\" sizes=\"(max-width: 824px) 100vw, 824px\" \/>\t\t\t\t\t\t\t\t\t\t\t\t\t\t\t<\/div>\n\t\t\t\t<\/div>\n\t\t\t\t<div class=\"elementor-element elementor-element-88466d5 elementor-widget elementor-widget-text-editor\" data-id=\"88466d5\" data-element_type=\"widget\" data-e-type=\"widget\" data-widget_type=\"text-editor.default\">\n\t\t\t\t<div class=\"elementor-widget-container\">\n\t\t\t\t\t\t\t\t\t<p style=\"text-align: center;\"><span style=\"color: #000000; font-size: 15px;\">Esta antigua vaquer\u00eda es el espacio donde se celebran las ceremonias civiles, los eventos al aire libre o los c\u00f3cteles, con capacidad para 800 invitados<\/span><\/p>\t\t\t\t\t\t\t\t<\/div>\n\t\t\t\t<\/div>\n\t\t\t\t<div class=\"elementor-element elementor-element-f11c1fc elementor-hidden-phone elementor-widget elementor-widget-spacer\" data-id=\"f11c1fc\" data-element_type=\"widget\" data-e-type=\"widget\" data-widget_type=\"spacer.default\">\n\t\t\t\t<div class=\"elementor-widget-container\">\n\t\t\t\t\t\t\t<div class=\"elementor-spacer\">\n\t\t\t<div class=\"elementor-spacer-inner\"><\/div>\n\t\t<\/div>\n\t\t\t\t\t\t<\/div>\n\t\t\t\t<\/div>\n\t\t\t\t\t<\/div>\n\t\t<\/div>\n\t\t\t\t<div class=\"elementor-column elementor-col-50 elementor-top-column elementor-element elementor-element-67bfa89\" data-id=\"67bfa89\" data-element_type=\"column\" data-e-type=\"column\">\n\t\t\t<div class=\"elementor-widget-wrap elementor-element-populated\">\n\t\t\t\t\t\t<div class=\"elementor-element elementor-element-d4bbed0 elementor-widget elementor-widget-text-editor\" data-id=\"d4bbed0\" data-element_type=\"widget\" data-e-type=\"widget\" data-widget_type=\"text-editor.default\">\n\t\t\t\t<div class=\"elementor-widget-container\">\n\t\t\t\t\t\t\t\t\t<h3 style=\"text-align: center;\">El sal\u00f3n<\/h3>\t\t\t\t\t\t\t\t<\/div>\n\t\t\t\t<\/div>\n\t\t\t\t<div class=\"elementor-element elementor-element-e510e93 elementor-widget-divider--view-line elementor-widget elementor-widget-divider\" data-id=\"e510e93\" data-element_type=\"widget\" data-e-type=\"widget\" data-widget_type=\"divider.default\">\n\t\t\t\t<div class=\"elementor-widget-container\">\n\t\t\t\t\t\t\t<div class=\"elementor-divider\">\n\t\t\t<span class=\"elementor-divider-separator\">\n\t\t\t\t\t\t<\/span>\n\t\t<\/div>\n\t\t\t\t\t\t<\/div>\n\t\t\t\t<\/div>\n\t\t\t\t<div class=\"elementor-element elementor-element-cee280e elementor-widget elementor-widget-image\" data-id=\"cee280e\" data-element_type=\"widget\" data-e-type=\"widget\" data-widget_type=\"image.default\">\n\t\t\t\t<div class=\"elementor-widget-container\">\n\t\t\t\t\t\t\t\t\t\t\t\t\t\t\t<img decoding=\"async\" width=\"819\" height=\"1024\" src=\"http:\/\/www.bauskain.com\/wordpress\/wp-content\/uploads\/2022\/02\/96077B35-6F1D-44B8-8287-A25E51EB3D16-819x1024.jpg\" class=\"attachment-large size-large wp-image-723\" alt=\"\" srcset=\"http:\/\/www.bauskain.com\/wordpress\/wp-content\/uploads\/2022\/02\/96077B35-6F1D-44B8-8287-A25E51EB3D16-819x1024.jpg 819w, http:\/\/www.bauskain.com\/wordpress\/wp-content\/uploads\/2022\/02\/96077B35-6F1D-44B8-8287-A25E51EB3D16-240x300.jpg 240w, http:\/\/www.bauskain.com\/wordpress\/wp-content\/uploads\/2022\/02\/96077B35-6F1D-44B8-8287-A25E51EB3D16-768x960.jpg 768w, http:\/\/www.bauskain.com\/wordpress\/wp-content\/uploads\/2022\/02\/96077B35-6F1D-44B8-8287-A25E51EB3D16-700x875.jpg 700w, http:\/\/www.bauskain.com\/wordpress\/wp-content\/uploads\/2022\/02\/96077B35-6F1D-44B8-8287-A25E51EB3D16.jpg 1024w\" sizes=\"(max-width: 819px) 100vw, 819px\" \/>\t\t\t\t\t\t\t\t\t\t\t\t\t\t\t<\/div>\n\t\t\t\t<\/div>\n\t\t\t\t<div class=\"elementor-element elementor-element-2136d5a elementor-widget elementor-widget-text-editor\" data-id=\"2136d5a\" data-element_type=\"widget\" data-e-type=\"widget\" data-widget_type=\"text-editor.default\">\n\t\t\t\t<div class=\"elementor-widget-container\">\n\t\t\t\t\t\t\t\t\t<p style=\"text-align: center;\"><span style=\"font-size: 15px;\">Tras el c\u00f3ctel largo en La Vaquer\u00eda, contin\u00faa la celebraci\u00f3n en el sal\u00f3n, con capacidad para 400 comensales. Adem\u00e1s, la finca cuenta con cocina propia desde donde trabaja el catering<\/span><\/p>\t\t\t\t\t\t\t\t<\/div>\n\t\t\t\t<\/div>\n\t\t\t\t\t<\/div>\n\t\t<\/div>\n\t\t\t\t\t<\/div>\n\t\t<\/section>\n\t\t\t\t<section class=\"elementor-section elementor-top-section elementor-element elementor-element-019c456 elementor-section-boxed elementor-section-height-default elementor-section-height-default\" data-id=\"019c456\" data-element_type=\"section\" data-e-type=\"section\">\n\t\t\t\t\t\t<div class=\"elementor-container elementor-column-gap-wide\">\n\t\t\t\t\t<div class=\"elementor-column elementor-col-50 elementor-top-column elementor-element elementor-element-768a6c9\" data-id=\"768a6c9\" data-element_type=\"column\" data-e-type=\"column\">\n\t\t\t<div class=\"elementor-widget-wrap elementor-element-populated\">\n\t\t\t\t\t\t<div class=\"elementor-element elementor-element-3ab4b2b elementor-widget elementor-widget-text-editor\" data-id=\"3ab4b2b\" data-element_type=\"widget\" data-e-type=\"widget\" data-widget_type=\"text-editor.default\">\n\t\t\t\t<div class=\"elementor-widget-container\">\n\t\t\t\t\t\t\t\t\t<h3 style=\"text-align: center;\">Catering<\/h3>\t\t\t\t\t\t\t\t<\/div>\n\t\t\t\t<\/div>\n\t\t\t\t<div class=\"elementor-element elementor-element-56a3986 elementor-widget-divider--view-line elementor-widget elementor-widget-divider\" data-id=\"56a3986\" data-element_type=\"widget\" data-e-type=\"widget\" data-widget_type=\"divider.default\">\n\t\t\t\t<div class=\"elementor-widget-container\">\n\t\t\t\t\t\t\t<div class=\"elementor-divider\">\n\t\t\t<span class=\"elementor-divider-separator\">\n\t\t\t\t\t\t<\/span>\n\t\t<\/div>\n\t\t\t\t\t\t<\/div>\n\t\t\t\t<\/div>\n\t\t\t\t<div class=\"elementor-element elementor-element-184920e elementor-widget elementor-widget-text-editor\" data-id=\"184920e\" data-element_type=\"widget\" data-e-type=\"widget\" data-widget_type=\"text-editor.default\">\n\t\t\t\t<div class=\"elementor-widget-container\">\n\t\t\t\t\t\t\t\t\t<p style=\"text-align: center;\">El <a href=\"http:\/\/www.deluz.es\"><span style=\"text-decoration: underline;\"><strong>catering Deluz <\/strong><\/span><\/a><span style=\"font-weight: 400;\">cumple 16 a\u00f1os viajando por todo el norte y celebrando bodas en fincas centenarias, en casas solariegas privadas o valles verdes de Cantabria, Pa\u00eds Vasco, Asturias y Castilla y Le\u00f3n. <\/span>A\u00fana tradici\u00f3n con modernidad y cocina de producto, donde los peque\u00f1os productores ecol\u00f3gicos y de cercan\u00eda tienen todo el protagonismo.\u00a0<\/p>\t\t\t\t\t\t\t\t<\/div>\n\t\t\t\t<\/div>\n\t\t\t\t\t<\/div>\n\t\t<\/div>\n\t\t\t\t<div class=\"elementor-column elementor-col-50 elementor-top-column elementor-element elementor-element-ce46574\" data-id=\"ce46574\" data-element_type=\"column\" data-e-type=\"column\">\n\t\t\t<div class=\"elementor-widget-wrap elementor-element-populated\">\n\t\t\t\t\t\t<div class=\"elementor-element elementor-element-b94de5f elementor-widget elementor-widget-image\" data-id=\"b94de5f\" data-element_type=\"widget\" data-e-type=\"widget\" data-widget_type=\"image.default\">\n\t\t\t\t<div class=\"elementor-widget-container\">\n\t\t\t\t\t\t\t\t\t\t\t\t\t\t\t<img loading=\"lazy\" decoding=\"async\" width=\"1024\" height=\"1024\" src=\"http:\/\/www.bauskain.com\/wordpress\/wp-content\/uploads\/2022\/02\/C127D963-4A09-483F-AA84-15970841324C.jpg\" class=\"attachment-large size-large wp-image-745\" alt=\"\" srcset=\"http:\/\/www.bauskain.com\/wordpress\/wp-content\/uploads\/2022\/02\/C127D963-4A09-483F-AA84-15970841324C.jpg 1024w, http:\/\/www.bauskain.com\/wordpress\/wp-content\/uploads\/2022\/02\/C127D963-4A09-483F-AA84-15970841324C-300x300.jpg 300w, http:\/\/www.bauskain.com\/wordpress\/wp-content\/uploads\/2022\/02\/C127D963-4A09-483F-AA84-15970841324C-150x150.jpg 150w, http:\/\/www.bauskain.com\/wordpress\/wp-content\/uploads\/2022\/02\/C127D963-4A09-483F-AA84-15970841324C-768x768.jpg 768w, http:\/\/www.bauskain.com\/wordpress\/wp-content\/uploads\/2022\/02\/C127D963-4A09-483F-AA84-15970841324C-550x550.jpg 550w, http:\/\/www.bauskain.com\/wordpress\/wp-content\/uploads\/2022\/02\/C127D963-4A09-483F-AA84-15970841324C-500x500.jpg 500w, http:\/\/www.bauskain.com\/wordpress\/wp-content\/uploads\/2022\/02\/C127D963-4A09-483F-AA84-15970841324C-1000x1000.jpg 1000w, http:\/\/www.bauskain.com\/wordpress\/wp-content\/uploads\/2022\/02\/C127D963-4A09-483F-AA84-15970841324C-700x700.jpg 700w\" sizes=\"(max-width: 1024px) 100vw, 1024px\" \/>\t\t\t\t\t\t\t\t\t\t\t\t\t\t\t<\/div>\n\t\t\t\t<\/div>\n\t\t\t\t\t<\/div>\n\t\t<\/div>\n\t\t\t\t\t<\/div>\n\t\t<\/section>\n\t\t\t\t<\/div>\n\t\t","protected":false},"excerpt":{"rendered":"<p>Bodas Llevamos m\u00e1s de 20 a\u00f1os siendo testigos de los &#8216;s\u00ed quiero&#8217; m\u00e1s rom\u00e1nticos, de los besos m\u00e1s apasionados que sellan pactos eternos, de las sonrisas de los invitados, de las l\u00e1grimas de los novios con la naturaleza como testigo en un entorno de ensue\u00f1o&#8230;<\/p>\n","protected":false},"author":2,"featured_media":0,"parent":0,"menu_order":0,"comment_status":"closed","ping_status":"closed","template":"","meta":{"ngg_post_thumbnail":0,"footnotes":""},"class_list":["post-506","page","type-page","status-publish","hentry"],"yoast_head":"<!-- This site is optimized with the Yoast SEO plugin v27.6 - https:\/\/yoast.com\/product\/yoast-seo-wordpress\/ -->\n<title>Bodas - Bauskain<\/title>\n<meta name=\"robots\" content=\"index, follow, max-snippet:-1, max-image-preview:large, max-video-preview:-1\" \/>\n<link rel=\"canonical\" href=\"http:\/\/www.bauskain.com\/index.php\/bodas\" \/>\n<meta property=\"og:locale\" content=\"es_ES\" \/>\n<meta property=\"og:type\" content=\"article\" \/>\n<meta property=\"og:title\" content=\"Bodas - Bauskain\" \/>\n<meta property=\"og:description\" content=\"Bodas Llevamos m\u00e1s de 20 a\u00f1os siendo testigos de los &#8216;s\u00ed quiero&#8217; m\u00e1s rom\u00e1nticos, de los besos m\u00e1s apasionados que sellan pactos eternos, de las sonrisas de los invitados, de las l\u00e1grimas de los novios con la naturaleza como testigo en un entorno de ensue\u00f1o...\" \/>\n<meta property=\"og:url\" content=\"http:\/\/www.bauskain.com\/index.php\/bodas\" \/>\n<meta property=\"og:site_name\" content=\"Bauskain\" \/>\n<meta property=\"article:modified_time\" content=\"2022-03-01T08:21:04+00:00\" \/>\n<meta property=\"og:image\" content=\"http:\/\/www.bauskain.com\/wordpress\/wp-content\/uploads\/2022\/02\/5f6cf3ce-7164-4dbe-ad28-c19732279dc1.jpg\" \/>\n<meta name=\"twitter:card\" content=\"summary_large_image\" \/>\n<meta name=\"twitter:label1\" content=\"Tiempo de lectura\" \/>\n\t<meta name=\"twitter:data1\" content=\"2 minutos\" \/>\n<script type=\"application\/ld+json\" class=\"yoast-schema-graph\">{\"@context\":\"https:\\\/\\\/schema.org\",\"@graph\":[{\"@type\":\"WebPage\",\"@id\":\"http:\\\/\\\/www.bauskain.com\\\/index.php\\\/bodas\",\"url\":\"http:\\\/\\\/www.bauskain.com\\\/index.php\\\/bodas\",\"name\":\"Bodas - Bauskain\",\"isPartOf\":{\"@id\":\"http:\\\/\\\/www.bauskain.com\\\/#website\"},\"primaryImageOfPage\":{\"@id\":\"http:\\\/\\\/www.bauskain.com\\\/index.php\\\/bodas#primaryimage\"},\"image\":{\"@id\":\"http:\\\/\\\/www.bauskain.com\\\/index.php\\\/bodas#primaryimage\"},\"thumbnailUrl\":\"http:\\\/\\\/www.bauskain.com\\\/wordpress\\\/wp-content\\\/uploads\\\/2022\\\/02\\\/5f6cf3ce-7164-4dbe-ad28-c19732279dc1.jpg\",\"datePublished\":\"2020-04-08T11:28:01+00:00\",\"dateModified\":\"2022-03-01T08:21:04+00:00\",\"breadcrumb\":{\"@id\":\"http:\\\/\\\/www.bauskain.com\\\/index.php\\\/bodas#breadcrumb\"},\"inLanguage\":\"es\",\"potentialAction\":[{\"@type\":\"ReadAction\",\"target\":[\"http:\\\/\\\/www.bauskain.com\\\/index.php\\\/bodas\"]}]},{\"@type\":\"ImageObject\",\"inLanguage\":\"es\",\"@id\":\"http:\\\/\\\/www.bauskain.com\\\/index.php\\\/bodas#primaryimage\",\"url\":\"http:\\\/\\\/www.bauskain.com\\\/wordpress\\\/wp-content\\\/uploads\\\/2022\\\/02\\\/5f6cf3ce-7164-4dbe-ad28-c19732279dc1.jpg\",\"contentUrl\":\"http:\\\/\\\/www.bauskain.com\\\/wordpress\\\/wp-content\\\/uploads\\\/2022\\\/02\\\/5f6cf3ce-7164-4dbe-ad28-c19732279dc1.jpg\",\"width\":1024,\"height\":1024},{\"@type\":\"BreadcrumbList\",\"@id\":\"http:\\\/\\\/www.bauskain.com\\\/index.php\\\/bodas#breadcrumb\",\"itemListElement\":[{\"@type\":\"ListItem\",\"position\":1,\"name\":\"Home\",\"item\":\"http:\\\/\\\/www.bauskain.com\\\/\"},{\"@type\":\"ListItem\",\"position\":2,\"name\":\"Bodas\"}]},{\"@type\":\"WebSite\",\"@id\":\"http:\\\/\\\/www.bauskain.com\\\/#website\",\"url\":\"http:\\\/\\\/www.bauskain.com\\\/\",\"name\":\"Bauskain\",\"description\":\"Bauskain\",\"publisher\":{\"@id\":\"http:\\\/\\\/www.bauskain.com\\\/#organization\"},\"potentialAction\":[{\"@type\":\"SearchAction\",\"target\":{\"@type\":\"EntryPoint\",\"urlTemplate\":\"http:\\\/\\\/www.bauskain.com\\\/?s={search_term_string}\"},\"query-input\":{\"@type\":\"PropertyValueSpecification\",\"valueRequired\":true,\"valueName\":\"search_term_string\"}}],\"inLanguage\":\"es\"},{\"@type\":\"Organization\",\"@id\":\"http:\\\/\\\/www.bauskain.com\\\/#organization\",\"name\":\"Finca Bauskain bodas\",\"url\":\"http:\\\/\\\/www.bauskain.com\\\/\",\"logo\":{\"@type\":\"ImageObject\",\"inLanguage\":\"es\",\"@id\":\"http:\\\/\\\/www.bauskain.com\\\/#\\\/schema\\\/logo\\\/image\\\/\",\"url\":\"http:\\\/\\\/www.bauskain.com\\\/wordpress\\\/wp-content\\\/uploads\\\/2020\\\/01\\\/39977273-3974-4a87-b740-96a9e39cc770.jpg\",\"contentUrl\":\"http:\\\/\\\/www.bauskain.com\\\/wordpress\\\/wp-content\\\/uploads\\\/2020\\\/01\\\/39977273-3974-4a87-b740-96a9e39cc770.jpg\",\"width\":816,\"height\":612,\"caption\":\"Finca Bauskain bodas\"},\"image\":{\"@id\":\"http:\\\/\\\/www.bauskain.com\\\/#\\\/schema\\\/logo\\\/image\\\/\"}}]}<\/script>\n<!-- \/ Yoast SEO plugin. -->","yoast_head_json":{"title":"Bodas - Bauskain","robots":{"index":"index","follow":"follow","max-snippet":"max-snippet:-1","max-image-preview":"max-image-preview:large","max-video-preview":"max-video-preview:-1"},"canonical":"http:\/\/www.bauskain.com\/index.php\/bodas","og_locale":"es_ES","og_type":"article","og_title":"Bodas - Bauskain","og_description":"Bodas Llevamos m\u00e1s de 20 a\u00f1os siendo testigos de los &#8216;s\u00ed quiero&#8217; m\u00e1s rom\u00e1nticos, de los besos m\u00e1s apasionados que sellan pactos eternos, de las sonrisas de los invitados, de las l\u00e1grimas de los novios con la naturaleza como testigo en un entorno de ensue\u00f1o...","og_url":"http:\/\/www.bauskain.com\/index.php\/bodas","og_site_name":"Bauskain","article_modified_time":"2022-03-01T08:21:04+00:00","og_image":[{"url":"http:\/\/www.bauskain.com\/wordpress\/wp-content\/uploads\/2022\/02\/5f6cf3ce-7164-4dbe-ad28-c19732279dc1.jpg","type":"","width":"","height":""}],"twitter_card":"summary_large_image","twitter_misc":{"Tiempo de lectura":"2 minutos"},"schema":{"@context":"https:\/\/schema.org","@graph":[{"@type":"WebPage","@id":"http:\/\/www.bauskain.com\/index.php\/bodas","url":"http:\/\/www.bauskain.com\/index.php\/bodas","name":"Bodas - Bauskain","isPartOf":{"@id":"http:\/\/www.bauskain.com\/#website"},"primaryImageOfPage":{"@id":"http:\/\/www.bauskain.com\/index.php\/bodas#primaryimage"},"image":{"@id":"http:\/\/www.bauskain.com\/index.php\/bodas#primaryimage"},"thumbnailUrl":"http:\/\/www.bauskain.com\/wordpress\/wp-content\/uploads\/2022\/02\/5f6cf3ce-7164-4dbe-ad28-c19732279dc1.jpg","datePublished":"2020-04-08T11:28:01+00:00","dateModified":"2022-03-01T08:21:04+00:00","breadcrumb":{"@id":"http:\/\/www.bauskain.com\/index.php\/bodas#breadcrumb"},"inLanguage":"es","potentialAction":[{"@type":"ReadAction","target":["http:\/\/www.bauskain.com\/index.php\/bodas"]}]},{"@type":"ImageObject","inLanguage":"es","@id":"http:\/\/www.bauskain.com\/index.php\/bodas#primaryimage","url":"http:\/\/www.bauskain.com\/wordpress\/wp-content\/uploads\/2022\/02\/5f6cf3ce-7164-4dbe-ad28-c19732279dc1.jpg","contentUrl":"http:\/\/www.bauskain.com\/wordpress\/wp-content\/uploads\/2022\/02\/5f6cf3ce-7164-4dbe-ad28-c19732279dc1.jpg","width":1024,"height":1024},{"@type":"BreadcrumbList","@id":"http:\/\/www.bauskain.com\/index.php\/bodas#breadcrumb","itemListElement":[{"@type":"ListItem","position":1,"name":"Home","item":"http:\/\/www.bauskain.com\/"},{"@type":"ListItem","position":2,"name":"Bodas"}]},{"@type":"WebSite","@id":"http:\/\/www.bauskain.com\/#website","url":"http:\/\/www.bauskain.com\/","name":"Bauskain","description":"Bauskain","publisher":{"@id":"http:\/\/www.bauskain.com\/#organization"},"potentialAction":[{"@type":"SearchAction","target":{"@type":"EntryPoint","urlTemplate":"http:\/\/www.bauskain.com\/?s={search_term_string}"},"query-input":{"@type":"PropertyValueSpecification","valueRequired":true,"valueName":"search_term_string"}}],"inLanguage":"es"},{"@type":"Organization","@id":"http:\/\/www.bauskain.com\/#organization","name":"Finca Bauskain bodas","url":"http:\/\/www.bauskain.com\/","logo":{"@type":"ImageObject","inLanguage":"es","@id":"http:\/\/www.bauskain.com\/#\/schema\/logo\/image\/","url":"http:\/\/www.bauskain.com\/wordpress\/wp-content\/uploads\/2020\/01\/39977273-3974-4a87-b740-96a9e39cc770.jpg","contentUrl":"http:\/\/www.bauskain.com\/wordpress\/wp-content\/uploads\/2020\/01\/39977273-3974-4a87-b740-96a9e39cc770.jpg","width":816,"height":612,"caption":"Finca Bauskain bodas"},"image":{"@id":"http:\/\/www.bauskain.com\/#\/schema\/logo\/image\/"}}]}},"_links":{"self":[{"href":"http:\/\/www.bauskain.com\/index.php\/wp-json\/wp\/v2\/pages\/506","targetHints":{"allow":["GET"]}}],"collection":[{"href":"http:\/\/www.bauskain.com\/index.php\/wp-json\/wp\/v2\/pages"}],"about":[{"href":"http:\/\/www.bauskain.com\/index.php\/wp-json\/wp\/v2\/types\/page"}],"author":[{"embeddable":true,"href":"http:\/\/www.bauskain.com\/index.php\/wp-json\/wp\/v2\/users\/2"}],"replies":[{"embeddable":true,"href":"http:\/\/www.bauskain.com\/index.php\/wp-json\/wp\/v2\/comments?post=506"}],"version-history":[{"count":64,"href":"http:\/\/www.bauskain.com\/index.php\/wp-json\/wp\/v2\/pages\/506\/revisions"}],"predecessor-version":[{"id":860,"href":"http:\/\/www.bauskain.com\/index.php\/wp-json\/wp\/v2\/pages\/506\/revisions\/860"}],"wp:attachment":[{"href":"http:\/\/www.bauskain.com\/index.php\/wp-json\/wp\/v2\/media?parent=506"}],"curies":[{"name":"wp","href":"https:\/\/api.w.org\/{rel}","templated":true}]}}